{"id":2790,"date":"2021-12-09T04:26:44","date_gmt":"2021-12-09T09:26:44","guid":{"rendered":"https:\/\/atelierfeelgood.com\/a-propos\/"},"modified":"2023-03-03T17:57:11","modified_gmt":"2023-03-03T22:57:11","slug":"a-propos","status":"publish","type":"page","link":"https:\/\/atelierfeelgood.com\/en\/a-propos\/","title":{"rendered":"\u00c0 propos"},"content":{"rendered":"\t\t<div data-elementor-type=\"wp-page\" data-elementor-id=\"2790\" class=\"elementor elementor-2790 elementor-114\" data-elementor-post-type=\"page\">\n\t\t\t\t\t\t<section class=\"elementor-section elementor-top-section elementor-element elementor-element-b6c43cc elementor-section-boxed elementor-section-height-default elementor-section-height-default\" data-id=\"b6c43cc\" data-element_type=\"section\" data-e-type=\"section\" data-settings=\"{&quot;background_background&quot;:&quot;classic&quot;,&quot;jet_parallax_layout_list&quot;:[]}\">\n\t\t\t\t\t\t<div class=\"elementor-container elementor-column-gap-default\">\n\t\t\t\t\t<div class=\"elementor-column elementor-col-50 elementor-top-column elementor-element elementor-element-674226c\" data-id=\"674226c\" data-element_type=\"column\" data-e-type=\"column\" data-settings=\"{&quot;background_background&quot;:&quot;slideshow&quot;,&quot;background_slideshow_gallery&quot;:[],&quot;background_slideshow_loop&quot;:&quot;yes&quot;,&quot;background_slideshow_slide_duration&quot;:5000,&quot;background_slideshow_slide_transition&quot;:&quot;fade&quot;,&quot;background_slideshow_transition_duration&quot;:500}\">\n\t\t\t<div class=\"elementor-widget-wrap\">\n\t\t\t\t\t\t\t<\/div>\n\t\t<\/div>\n\t\t\t\t<div class=\"elementor-column elementor-col-50 elementor-top-column elementor-element elementor-element-ef60248\" data-id=\"ef60248\" data-element_type=\"column\" data-e-type=\"column\">\n\t\t\t<div class=\"elementor-widget-wrap elementor-element-populated\">\n\t\t\t\t\t\t<div class=\"elementor-element elementor-element-3edb83b elementor-widget elementor-widget-heading\" data-id=\"3edb83b\" data-element_type=\"widget\" data-e-type=\"widget\" data-widget_type=\"heading.default\">\n\t\t\t\t<div class=\"elementor-widget-container\">\n\t\t\t\t\t<h1 class=\"elementor-heading-title elementor-size-default\">\u00c0 PROPOS<\/h1>\t\t\t\t<\/div>\n\t\t\t\t<\/div>\n\t\t\t\t\t<\/div>\n\t\t<\/div>\n\t\t\t\t\t<\/div>\n\t\t<\/section>\n\t\t\t\t<section class=\"elementor-section elementor-top-section elementor-element elementor-element-0b3afeb elementor-reverse-mobile_extra elementor-reverse-mobile elementor-section-boxed elementor-section-height-default elementor-section-height-default\" data-id=\"0b3afeb\" data-element_type=\"section\" data-e-type=\"section\" data-settings=\"{&quot;jet_parallax_layout_list&quot;:[]}\">\n\t\t\t\t\t\t<div class=\"elementor-container elementor-column-gap-default\">\n\t\t\t\t\t<div class=\"elementor-column elementor-col-50 elementor-top-column elementor-element elementor-element-f4437e1\" data-id=\"f4437e1\" data-element_type=\"column\" data-e-type=\"column\">\n\t\t\t<div class=\"elementor-widget-wrap elementor-element-populated\">\n\t\t\t\t\t\t<div class=\"elementor-element elementor-element-b6a91db elementor-widget elementor-widget-image\" data-id=\"b6a91db\" data-element_type=\"widget\" data-e-type=\"widget\" data-widget_type=\"image.default\">\n\t\t\t\t<div class=\"elementor-widget-container\">\n\t\t\t\t\t\t\t\t\t\t\t\t\t\t\t<img fetchpriority=\"high\" decoding=\"async\" width=\"819\" height=\"1024\" src=\"https:\/\/atelierfeelgood.com\/wp-content\/uploads\/2023\/03\/AFG_Martine_4x5-819x1024.jpg\" class=\"attachment-large size-large wp-image-3594\" alt=\"\" srcset=\"https:\/\/atelierfeelgood.com\/wp-content\/uploads\/2023\/03\/AFG_Martine_4x5-819x1024.jpg 819w, https:\/\/atelierfeelgood.com\/wp-content\/uploads\/2023\/03\/AFG_Martine_4x5-240x300.jpg 240w, https:\/\/atelierfeelgood.com\/wp-content\/uploads\/2023\/03\/AFG_Martine_4x5-768x960.jpg 768w, https:\/\/atelierfeelgood.com\/wp-content\/uploads\/2023\/03\/AFG_Martine_4x5-1229x1536.jpg 1229w, https:\/\/atelierfeelgood.com\/wp-content\/uploads\/2023\/03\/AFG_Martine_4x5-1638x2048.jpg 1638w, https:\/\/atelierfeelgood.com\/wp-content\/uploads\/2023\/03\/AFG_Martine_4x5-800x1000.jpg 800w, https:\/\/atelierfeelgood.com\/wp-content\/uploads\/2023\/03\/AFG_Martine_4x5-48x60.jpg 48w, https:\/\/atelierfeelgood.com\/wp-content\/uploads\/2023\/03\/AFG_Martine_4x5-72x90.jpg 72w, https:\/\/atelierfeelgood.com\/wp-content\/uploads\/2023\/03\/AFG_Martine_4x5-scaled.jpg 2048w\" sizes=\"(max-width: 819px) 100vw, 819px\" \/>\t\t\t\t\t\t\t\t\t\t\t\t\t\t\t<\/div>\n\t\t\t\t<\/div>\n\t\t\t\t\t<\/div>\n\t\t<\/div>\n\t\t\t\t<div class=\"elementor-column elementor-col-50 elementor-top-column elementor-element elementor-element-f4b04c1\" data-id=\"f4b04c1\" data-element_type=\"column\" data-e-type=\"column\">\n\t\t\t<div class=\"elementor-widget-wrap elementor-element-populated\">\n\t\t\t\t\t\t<div class=\"elementor-element elementor-element-c1a9b30 elementor-widget elementor-widget-heading\" data-id=\"c1a9b30\" data-element_type=\"widget\" data-e-type=\"widget\" data-widget_type=\"heading.default\">\n\t\t\t\t<div class=\"elementor-widget-container\">\n\t\t\t\t\t<h2 class=\"elementor-heading-title elementor-size-default\">LA MEILLEURE VERSION DE MOI-M\u00caME!<\/h2>\t\t\t\t<\/div>\n\t\t\t\t<\/div>\n\t\t\t\t<div class=\"elementor-element elementor-element-b09750a elementor-widget elementor-widget-text-editor\" data-id=\"b09750a\" data-element_type=\"widget\" data-e-type=\"widget\" data-widget_type=\"text-editor.default\">\n\t\t\t\t<div class=\"elementor-widget-container\">\n\t\t\t\t\t\t\t\t\t<p><span style=\"color: rgb(99, 99, 99); text-align: center;\">Apr\u00e8s avoir \u00e9t\u00e9 cheffe d\u2019entreprise pendant pr\u00e8s de 15 ans, l\u2019envie de me lancer dans une nouvelle aventure m\u2019amena sur le chemin de l\u2019\u00e9criture. Curieuse de nature, j\u2019aime tout ce qui a trait au d\u00e9veloppement personnel et professionnel, mais surtout j\u2019adore mettre en action mes apprentissages. Aujourd\u2019hui, je d\u00e9sire partager mes 10 ans de lecture, coaching et formation afin d\u2019aider, \u00e0 travers mes outils, le maximum de personnes \u00e0 \u00eatre la meilleure version de soi-m\u00eame.<\/span><br><\/p>\t\t\t\t\t\t\t\t<\/div>\n\t\t\t\t<\/div>\n\t\t\t\t\t<\/div>\n\t\t<\/div>\n\t\t\t\t\t<\/div>\n\t\t<\/section>\n\t\t\t\t<section class=\"elementor-section elementor-top-section elementor-element elementor-element-d27c3d2 elementor-section-boxed elementor-section-height-default elementor-section-height-default\" data-id=\"d27c3d2\" data-element_type=\"section\" data-e-type=\"section\" data-settings=\"{&quot;background_background&quot;:&quot;classic&quot;,&quot;jet_parallax_layout_list&quot;:[]}\">\n\t\t\t\t\t\t<div class=\"elementor-container elementor-column-gap-default\">\n\t\t\t\t\t<div class=\"elementor-column elementor-col-50 elementor-top-column elementor-element elementor-element-d6e2c78\" data-id=\"d6e2c78\" data-element_type=\"column\" data-e-type=\"column\">\n\t\t\t<div class=\"elementor-widget-wrap elementor-element-populated\">\n\t\t\t\t\t\t<div class=\"elementor-element elementor-element-d455ac1 elementor-hidden-mobile_extra elementor-hidden-mobile elementor-widget elementor-widget-spacer\" data-id=\"d455ac1\" data-element_type=\"widget\" data-e-type=\"widget\" data-widget_type=\"spacer.default\">\n\t\t\t\t<div class=\"elementor-widget-container\">\n\t\t\t\t\t\t\t<div class=\"elementor-spacer\">\n\t\t\t<div class=\"elementor-spacer-inner\"><\/div>\n\t\t<\/div>\n\t\t\t\t\t\t<\/div>\n\t\t\t\t<\/div>\n\t\t\t\t<div class=\"elementor-element elementor-element-22ddf9c elementor-widget elementor-widget-heading\" data-id=\"22ddf9c\" data-element_type=\"widget\" data-e-type=\"widget\" data-widget_type=\"heading.default\">\n\t\t\t\t<div class=\"elementor-widget-container\">\n\t\t\t\t\t<h1 class=\"elementor-heading-title elementor-size-default\">La motivation part et revient, \nmais comment fait-on pour la garder?<\/h1>\t\t\t\t<\/div>\n\t\t\t\t<\/div>\n\t\t\t\t<div class=\"elementor-element elementor-element-b78d1bb elementor-widget elementor-widget-text-editor\" data-id=\"b78d1bb\" data-element_type=\"widget\" data-e-type=\"widget\" data-widget_type=\"text-editor.default\">\n\t\t\t\t<div class=\"elementor-widget-container\">\n\t\t\t\t\t\t\t\t\t<p class=\"p1\">C\u2019est la question que je me suis pos\u00e9e et apr\u00e8s maintes recherches, exp\u00e9riences v\u00e9cues, coaching personnalis\u00e9 et formations, il se trouve que la r\u00e9ponse r\u00e9side dans de simples gestes et un \u00e9tat d\u2019esprit positif.<span class=\"Apple-converted-space\">\u00a0<\/span><\/p>\t\t\t\t\t\t\t\t<\/div>\n\t\t\t\t<\/div>\n\t\t\t\t<div class=\"elementor-element elementor-element-8c3416c elementor-widget elementor-widget-text-editor\" data-id=\"8c3416c\" data-element_type=\"widget\" data-e-type=\"widget\" data-widget_type=\"text-editor.default\">\n\t\t\t\t<div class=\"elementor-widget-container\">\n\t\t\t\t\t\t\t\t\t<p class=\"p1\"><span style=\"font-style: inherit; font-weight: inherit;\">J\u2019ai donc con\u00e7u une recette gagnante comprenant 5 habitudes \u00e0 introduire \u00e0 notre quotidien pour un maximum de b\u00e9n\u00e9fices sur la motivation et l\u2019\u00e9nergie. Sous le format d\u2019un journal de bord, cette approche holistique aborde les 5 sujets suivants : <\/span><span style=\"font-style: inherit;\"><b>la gratitude, les affirmations positives, l\u2019exercice physique, la m\u00e9ditation et la visualisation cr\u00e9ative<\/b><\/span><span style=\"font-style: inherit; font-weight: inherit;\">. Une approche facile, unique et accessible qui vous permettra d\u2019envisager la r\u00e9alisation de vos r\u00eaves les plus fous.<\/span><\/p>\t\t\t\t\t\t\t\t<\/div>\n\t\t\t\t<\/div>\n\t\t\t\t\t<\/div>\n\t\t<\/div>\n\t\t\t\t<div class=\"elementor-column elementor-col-50 elementor-top-column elementor-element elementor-element-10d85e2\" data-id=\"10d85e2\" data-element_type=\"column\" data-e-type=\"column\">\n\t\t\t<div class=\"elementor-widget-wrap elementor-element-populated\">\n\t\t\t\t\t\t<div class=\"elementor-element elementor-element-90b356a elementor-widget elementor-widget-image\" data-id=\"90b356a\" data-element_type=\"widget\" data-e-type=\"widget\" data-widget_type=\"image.default\">\n\t\t\t\t<div class=\"elementor-widget-container\">\n\t\t\t\t\t\t\t\t\t\t\t\t\t\t\t<img decoding=\"async\" width=\"1024\" height=\"1024\" src=\"https:\/\/atelierfeelgood.com\/wp-content\/uploads\/2022\/04\/5B2A0176-1024x1024.png\" class=\"attachment-large size-large wp-image-3117\" alt=\"Journal de bord - La Routine Feel Good\" srcset=\"https:\/\/atelierfeelgood.com\/wp-content\/uploads\/2022\/04\/5B2A0176-1024x1024.png 1024w, https:\/\/atelierfeelgood.com\/wp-content\/uploads\/2022\/04\/5B2A0176-300x300.png 300w, https:\/\/atelierfeelgood.com\/wp-content\/uploads\/2022\/04\/5B2A0176-150x150.png 150w, https:\/\/atelierfeelgood.com\/wp-content\/uploads\/2022\/04\/5B2A0176-768x768.png 768w, https:\/\/atelierfeelgood.com\/wp-content\/uploads\/2022\/04\/5B2A0176-533x533.png 533w, https:\/\/atelierfeelgood.com\/wp-content\/uploads\/2022\/04\/5B2A0176-800x800.png 800w, https:\/\/atelierfeelgood.com\/wp-content\/uploads\/2022\/04\/5B2A0176-100x100.png 100w, https:\/\/atelierfeelgood.com\/wp-content\/uploads\/2022\/04\/5B2A0176.png 1200w\" sizes=\"(max-width: 1024px) 100vw, 1024px\" \/>\t\t\t\t\t\t\t\t\t\t\t\t\t\t\t<\/div>\n\t\t\t\t<\/div>\n\t\t\t\t<div class=\"elementor-element elementor-element-9c8e217 elementor-align-center elementor-mobile_extra-align-justify elementor-widget elementor-widget-button\" data-id=\"9c8e217\" data-element_type=\"widget\" data-e-type=\"widget\" data-widget_type=\"button.default\">\n\t\t\t\t<div class=\"elementor-widget-container\">\n\t\t\t\t\t\t\t\t\t<div class=\"elementor-button-wrapper\">\n\t\t\t\t\t<a class=\"elementor-button elementor-button-link elementor-size-sm\" href=\"\/produit\/la-routine-feel-good\/\">\n\t\t\t\t\t\t<span class=\"elementor-button-content-wrapper\">\n\t\t\t\t\t\t\t\t\t<span class=\"elementor-button-text\">D\u00e9couvrir le journal de bord<\/span>\n\t\t\t\t\t<\/span>\n\t\t\t\t\t<\/a>\n\t\t\t\t<\/div>\n\t\t\t\t\t\t\t\t<\/div>\n\t\t\t\t<\/div>\n\t\t\t\t\t<\/div>\n\t\t<\/div>\n\t\t\t\t\t<\/div>\n\t\t<\/section>\n\t\t\t\t<section class=\"elementor-section elementor-top-section elementor-element elementor-element-d8749f9 elementor-section-boxed elementor-section-height-default elementor-section-height-default\" data-id=\"d8749f9\" data-element_type=\"section\" data-e-type=\"section\" data-settings=\"{&quot;jet_parallax_layout_list&quot;:[]}\">\n\t\t\t\t\t\t<div class=\"elementor-container elementor-column-gap-default\">\n\t\t\t\t\t<div class=\"elementor-column elementor-col-100 elementor-top-column elementor-element elementor-element-2873420\" data-id=\"2873420\" data-element_type=\"column\" data-e-type=\"column\">\n\t\t\t<div class=\"elementor-widget-wrap elementor-element-populated\">\n\t\t\t\t\t\t<div class=\"elementor-element elementor-element-e3a10a2 elementor-widget elementor-widget-template\" data-id=\"e3a10a2\" data-element_type=\"widget\" data-e-type=\"widget\" data-widget_type=\"template.default\">\n\t\t\t\t<div class=\"elementor-widget-container\">\n\t\t\t\t\t\t\t<div class=\"elementor-template\">\n\t\t\t\t\t<div data-elementor-type=\"page\" data-elementor-id=\"2838\" class=\"elementor elementor-2838 elementor-1927 elementor-1927\" data-elementor-post-type=\"elementor_library\">\n\t\t\t\t\t\t<section class=\"elementor-section elementor-top-section elementor-element elementor-element-72ec727 elementor-section-boxed elementor-section-height-default elementor-section-height-default\" data-id=\"72ec727\" data-element_type=\"section\" data-e-type=\"section\" data-settings=\"{&quot;background_background&quot;:&quot;classic&quot;,&quot;jet_parallax_layout_list&quot;:[]}\">\n\t\t\t\t\t\t<div class=\"elementor-container elementor-column-gap-default\">\n\t\t\t\t\t<div class=\"elementor-column elementor-col-100 elementor-top-column elementor-element elementor-element-dbb61df\" data-id=\"dbb61df\" data-element_type=\"column\" data-e-type=\"column\">\n\t\t\t<div class=\"elementor-widget-wrap elementor-element-populated\">\n\t\t\t\t\t\t<section class=\"elementor-section elementor-inner-section elementor-element elementor-element-5317b9f elementor-section-boxed elementor-section-height-default elementor-section-height-default\" data-id=\"5317b9f\" data-element_type=\"section\" data-e-type=\"section\" data-settings=\"{&quot;jet_parallax_layout_list&quot;:[]}\">\n\t\t\t\t\t\t<div class=\"elementor-container elementor-column-gap-default\">\n\t\t\t\t\t<div class=\"elementor-column elementor-col-100 elementor-inner-column elementor-element elementor-element-27c5e55\" data-id=\"27c5e55\" data-element_type=\"column\" data-e-type=\"column\">\n\t\t\t<div class=\"elementor-widget-wrap elementor-element-populated\">\n\t\t\t\t\t\t<div class=\"elementor-element elementor-element-e085ae5 elementor-widget__width-auto elementor-widget elementor-widget-heading\" data-id=\"e085ae5\" data-element_type=\"widget\" data-e-type=\"widget\" data-widget_type=\"heading.default\">\n\t\t\t\t<div class=\"elementor-widget-container\">\n\t\t\t\t\t<span class=\"elementor-heading-title elementor-size-default\">Inscrivez-vous \u00e0 notre infolettre<\/span>\t\t\t\t<\/div>\n\t\t\t\t<\/div>\n\t\t\t\t\t<\/div>\n\t\t<\/div>\n\t\t\t\t\t<\/div>\n\t\t<\/section>\n\t\t\t\t<section class=\"elementor-section elementor-inner-section elementor-element elementor-element-625678d elementor-section-boxed elementor-section-height-default elementor-section-height-default\" data-id=\"625678d\" data-element_type=\"section\" data-e-type=\"section\" data-settings=\"{&quot;background_background&quot;:&quot;classic&quot;,&quot;jet_parallax_layout_list&quot;:[]}\">\n\t\t\t\t\t\t\t<div class=\"elementor-background-overlay\"><\/div>\n\t\t\t\t\t\t\t<div class=\"elementor-container elementor-column-gap-default\">\n\t\t\t\t\t<div class=\"elementor-column elementor-col-100 elementor-inner-column elementor-element elementor-element-af00985\" data-id=\"af00985\" data-element_type=\"column\" data-e-type=\"column\">\n\t\t\t<div class=\"elementor-widget-wrap elementor-element-populated\">\n\t\t\t\t\t\t<div class=\"elementor-element elementor-element-ab2a64c elementor-widget elementor-widget-heading\" data-id=\"ab2a64c\" data-element_type=\"widget\" data-e-type=\"widget\" data-widget_type=\"heading.default\">\n\t\t\t\t<div class=\"elementor-widget-container\">\n\t\t\t\t\t<h4 class=\"elementor-heading-title elementor-size-default\">travaillons ensemble<\/h4>\t\t\t\t<\/div>\n\t\t\t\t<\/div>\n\t\t\t\t<div class=\"elementor-element elementor-element-b62bf56 elementor-widget elementor-widget-text-editor\" data-id=\"b62bf56\" data-element_type=\"widget\" data-e-type=\"widget\" data-widget_type=\"text-editor.default\">\n\t\t\t\t<div class=\"elementor-widget-container\">\n\t\t\t\t\t\t\t\t\t<p>Un premier pas vers la meilleure version de vous-m\u00eame.<\/p>\t\t\t\t\t\t\t\t<\/div>\n\t\t\t\t<\/div>\n\t\t\t\t<div class=\"elementor-element elementor-element-ff29c9c elementor-button-align-end form-temps elementor-widget elementor-widget-form\" data-id=\"ff29c9c\" data-element_type=\"widget\" data-e-type=\"widget\" data-settings=\"{&quot;step_next_label&quot;:&quot;Next&quot;,&quot;step_previous_label&quot;:&quot;Previous&quot;,&quot;button_width&quot;:&quot;100&quot;,&quot;step_type&quot;:&quot;number_text&quot;,&quot;step_icon_shape&quot;:&quot;circle&quot;}\" data-widget_type=\"form.default\">\n\t\t\t\t<div class=\"elementor-widget-container\">\n\t\t\t\t\t\t\t<form class=\"elementor-form\" method=\"post\" name=\"Formulaire | Infolettre\" aria-label=\"Formulaire | Infolettre\">\n\t\t\t<input type=\"hidden\" name=\"post_id\" value=\"2838\"\/>\n\t\t\t<input type=\"hidden\" name=\"form_id\" value=\"ff29c9c\"\/>\n\t\t\t<input type=\"hidden\" name=\"referer_title\" value=\"\" \/>\n\n\t\t\t\t\t\t\t<input type=\"hidden\" name=\"queried_id\" value=\"2769\"\/>\n\t\t\t\n\t\t\t<div class=\"elementor-form-fields-wrapper elementor-labels-\">\n\t\t\t\t\t\t\t\t<div class=\"elementor-field-type-text elementor-field-group elementor-column elementor-field-group-name elementor-col-50 elementor-field-required\">\n\t\t\t\t\t\t\t\t\t\t\t\t<label for=\"form-field-name\" class=\"elementor-field-label elementor-screen-only\">\n\t\t\t\t\t\t\t\tPr\u00e9nom\t\t\t\t\t\t\t<\/label>\n\t\t\t\t\t\t\t\t\t\t\t\t\t\t<input size=\"1\" type=\"text\" name=\"form_fields[name]\" id=\"form-field-name\" class=\"elementor-field elementor-size-lg  elementor-field-textual\" placeholder=\"Pr\u00e9nom*\" required=\"required\">\n\t\t\t\t\t\t\t\t\t\t\t<\/div>\n\t\t\t\t\t\t\t\t<div class=\"elementor-field-type-text elementor-field-group elementor-column elementor-field-group-field_c7cb4d8 elementor-col-50 elementor-field-required\">\n\t\t\t\t\t\t\t\t\t\t\t\t<label for=\"form-field-field_c7cb4d8\" class=\"elementor-field-label elementor-screen-only\">\n\t\t\t\t\t\t\t\tNom\t\t\t\t\t\t\t<\/label>\n\t\t\t\t\t\t\t\t\t\t\t\t\t\t<input size=\"1\" type=\"text\" name=\"form_fields[field_c7cb4d8]\" id=\"form-field-field_c7cb4d8\" class=\"elementor-field elementor-size-lg  elementor-field-textual\" placeholder=\"Nom*\" required=\"required\">\n\t\t\t\t\t\t\t\t\t\t\t<\/div>\n\t\t\t\t\t\t\t\t<div class=\"elementor-field-type-text\">\n\t\t\t\t\t<input size=\"1\" type=\"text\" name=\"form_fields[field_3c49629]\" id=\"form-field-field_3c49629\" class=\"elementor-field elementor-size-lg \" style=\"display:none !important;\">\t\t\t\t<\/div>\n\t\t\t\t\t\t\t\t<div class=\"elementor-field-type-email elementor-field-group elementor-column elementor-field-group-email elementor-col-50 elementor-field-required\">\n\t\t\t\t\t\t\t\t\t\t\t\t<label for=\"form-field-email\" class=\"elementor-field-label elementor-screen-only\">\n\t\t\t\t\t\t\t\tAdresse courriel\t\t\t\t\t\t\t<\/label>\n\t\t\t\t\t\t\t\t\t\t\t\t\t\t<input size=\"1\" type=\"email\" name=\"form_fields[email]\" id=\"form-field-email\" class=\"elementor-field elementor-size-lg  elementor-field-textual\" placeholder=\"Adresse courriel*\" required=\"required\">\n\t\t\t\t\t\t\t\t\t\t\t<\/div>\n\t\t\t\t\t\t\t\t<div class=\"elementor-field-group elementor-column elementor-field-type-submit elementor-col-100 e-form__buttons\">\n\t\t\t\t\t<button class=\"elementor-button elementor-size-sm\" type=\"submit\">\n\t\t\t\t\t\t<span class=\"elementor-button-content-wrapper\">\n\t\t\t\t\t\t\t\t\t\t\t\t\t\t\t<span class=\"elementor-button-icon\">\n\t\t\t\t\t\t\t\t\t<svg xmlns=\"http:\/\/www.w3.org\/2000\/svg\" width=\"34.283\" height=\"24.487\" viewBox=\"0 0 34.283 24.487\"><path id=\"Trac&#xE9;_331\" data-name=\"Trac&#xE9; 331\" d=\"M2493.947,180.755a.614.614,0,0,0-.625-.268l-33.059,6.122a.612.612,0,0,0-.271,1.079l5.893,4.715v10.112a.608.608,0,0,0,1.012.458l0,0,5.391-4.716,4.733,6.454a.611.611,0,0,0,.492.25h.012a.614.614,0,0,0,.5-.266l15.916-23.263A.611.611,0,0,0,2493.947,180.755Zm-6.244,2.017-21.1,8.633-4.8-3.836Zm-17.244,11.877a.61.61,0,0,0-.206.212l-3.145,5.389v-7.732l19.821-8.108Zm-1.547,4.94,1.928-3.306.723.986Zm8.587,3.7-5.832-7.954,19.616-12.192Z\" transform=\"translate(-2459.763 -180.477)\" fill=\"#fff\"><\/path><\/svg>\t\t\t\t\t\t\t\t\t\t\t\t\t\t\t\t\t<\/span>\n\t\t\t\t\t\t\t\t\t\t\t\t\t\t\t\t\t\t\t\t\t\t<span class=\"elementor-button-text\">Envoyer<\/span>\n\t\t\t\t\t\t\t\t\t\t\t\t\t<\/span>\n\t\t\t\t\t<\/button>\n\t\t\t\t<\/div>\n\t\t\t<\/div>\n\t\t<input\n                    class=\"apbct_special_field apbct_email_id__elementor_form\"\n                    name=\"apbct__email_id__elementor_form\"\n                    aria-label=\"apbct__label_id__elementor_form\"\n                    type=\"text\" size=\"30\" maxlength=\"200\" autocomplete=\"off\"\n                    value=\"\"\n                \/><input\n                    class=\"apbct_special_field apbct_email_id__elementor_form\"\n                    name=\"apbct__email_id__elementor_form\"\n                    aria-label=\"apbct__label_id__elementor_form\"\n                    type=\"text\" size=\"30\" maxlength=\"200\" autocomplete=\"off\"\n                    value=\"\"\n                \/><\/form>\n\t\t\t\t\t\t<\/div>\n\t\t\t\t<\/div>\n\t\t\t\t\t<\/div>\n\t\t<\/div>\n\t\t\t\t\t<\/div>\n\t\t<\/section>\n\t\t\t\t\t<\/div>\n\t\t<\/div>\n\t\t\t\t\t<\/div>\n\t\t<\/section>\n\t\t\t\t<\/div>\n\t\t\t\t<\/div>\n\t\t\t\t\t\t<\/div>\n\t\t\t\t<\/div>\n\t\t\t\t\t<\/div>\n\t\t<\/div>\n\t\t\t\t\t<\/div>\n\t\t<\/section>\n\t\t\t\t<\/div>\n\t\t","protected":false},"excerpt":{"rendered":"<p>\u00c0 PROPOS LA MEILLEURE VERSION DE MOI-M\u00caME! Apr\u00e8s avoir \u00e9t\u00e9 cheffe d\u2019entreprise pendant pr\u00e8s de 15 ans, l\u2019envie de me lancer dans une nouvelle aventure m\u2019amena sur le chemin de l\u2019\u00e9criture. Curieuse de nature, j\u2019aime tout ce qui a trait au d\u00e9veloppement personnel et professionnel, mais surtout j\u2019adore mettre en action mes apprentissages. Aujourd\u2019hui, je [&hellip;]<\/p>\n","protected":false},"author":1,"featured_media":0,"parent":0,"menu_order":0,"comment_status":"closed","ping_status":"closed","template":"elementor_header_footer","meta":{"_acf_changed":false,"_seopress_robots_primary_cat":"","_seopress_titles_title":"Atelier Feel Good - La motivation part et revient, mais comment fait-on pour la garder?","_seopress_titles_desc":"J\u2019ai con\u00e7u une recette gagnante comprenant un condens\u00e9 des 5 petites habitudes \u00e0 introduire au quotidien dans nos vies pour un max de b\u00e9n\u00e9fices sur la motivation et l\u2019\u00e9nergie. Sous le format d\u2019un journal de bord, cette approche dite holistique abordera les 5 sujets suivants : la Gratitude, l\u2019Affirmation positive, l\u2019Exercice, la M\u00e9ditation et la Visualisation cr\u00e9ative.","_seopress_robots_index":"","site-sidebar-layout":"no-sidebar","site-content-layout":"page-builder","ast-site-content-layout":"default","site-content-style":"default","site-sidebar-style":"default","ast-global-header-display":"","ast-banner-title-visibility":"","ast-main-header-display":"","ast-hfb-above-header-display":"","ast-hfb-below-header-display":"","ast-hfb-mobile-header-display":"","site-post-title":"disabled","ast-breadcrumbs-content":"","ast-featured-img":"disabled","footer-sml-layout":"","ast-disable-related-posts":"","theme-transparent-header-meta":"default","adv-header-id-meta":"","stick-header-meta":"","header-above-stick-meta":"","header-main-stick-meta":"","header-below-stick-meta":"","astra-migrate-meta-layouts":"default","ast-page-background-enabled":"default","ast-page-background-meta":{"desktop":{"background-color":"var(--ast-global-color-4)","background-image":"","background-repeat":"repeat","background-position":"center center","background-size":"auto","background-attachment":"scroll","background-type":"","background-media":"","overlay-type":"","overlay-color":"","overlay-opacity":"","overlay-gradient":""},"tablet":{"background-color":"","background-image":"","background-repeat":"repeat","background-position":"center center","background-size":"auto","background-attachment":"scroll","background-type":"","background-media":"","overlay-type":"","overlay-color":"","overlay-opacity":"","overlay-gradient":""},"mobile":{"background-color":"","background-image":"","background-repeat":"repeat","background-position":"center center","background-size":"auto","background-attachment":"scroll","background-type":"","background-media":"","overlay-type":"","overlay-color":"","overlay-opacity":"","overlay-gradient":""}},"ast-content-background-meta":{"desktop":{"background-color":"var(--ast-global-color-5)","background-image":"","background-repeat":"repeat","background-position":"center center","background-size":"auto","background-attachment":"scroll","background-type":"","background-media":"","overlay-type":"","overlay-color":"","overlay-opacity":"","overlay-gradient":""},"tablet":{"background-color":"var(--ast-global-color-5)","background-image":"","background-repeat":"repeat","background-position":"center center","background-size":"auto","background-attachment":"scroll","background-type":"","background-media":"","overlay-type":"","overlay-color":"","overlay-opacity":"","overlay-gradient":""},"mobile":{"background-color":"var(--ast-global-color-5)","background-image":"","background-repeat":"repeat","background-position":"center center","background-size":"auto","background-attachment":"scroll","background-type":"","background-media":"","overlay-type":"","overlay-color":"","overlay-opacity":"","overlay-gradient":""}},"footnotes":""},"class_list":["post-2790","page","type-page","status-publish","hentry"],"acf":[],"a3_pvc":{"activated":false,"total_views":0,"today_views":0},"_links":{"self":[{"href":"https:\/\/atelierfeelgood.com\/en\/wp-json\/wp\/v2\/pages\/2790","targetHints":{"allow":["GET"]}}],"collection":[{"href":"https:\/\/atelierfeelgood.com\/en\/wp-json\/wp\/v2\/pages"}],"about":[{"href":"https:\/\/atelierfeelgood.com\/en\/wp-json\/wp\/v2\/types\/page"}],"author":[{"embeddable":true,"href":"https:\/\/atelierfeelgood.com\/en\/wp-json\/wp\/v2\/users\/1"}],"replies":[{"embeddable":true,"href":"https:\/\/atelierfeelgood.com\/en\/wp-json\/wp\/v2\/comments?post=2790"}],"version-history":[{"count":19,"href":"https:\/\/atelierfeelgood.com\/en\/wp-json\/wp\/v2\/pages\/2790\/revisions"}],"predecessor-version":[{"id":3608,"href":"https:\/\/atelierfeelgood.com\/en\/wp-json\/wp\/v2\/pages\/2790\/revisions\/3608"}],"wp:attachment":[{"href":"https:\/\/atelierfeelgood.com\/en\/wp-json\/wp\/v2\/media?parent=2790"}],"curies":[{"name":"wp","href":"https:\/\/api.w.org\/{rel}","templated":true}]}}